{"id":9,"date":"2015-02-18T21:34:33","date_gmt":"2015-02-18T20:34:33","guid":{"rendered":"http:\/\/netzwerkclub.de\/wordpress\/?page_id=9"},"modified":"2023-03-14T07:59:26","modified_gmt":"2023-03-14T06:59:26","slug":"service","status":"publish","type":"page","link":"https:\/\/baerenhaeuser.de\/?page_id=9","title":{"rendered":"Service"},"content":{"rendered":"<h2><strong>Unser Service f\u00fcr Sie<\/strong><\/h2>\n<h3><strong>PC Hilfe, Reparatur und Instandsetzung<\/strong><\/h3>\n<p>Haben Sie ein Problem mit Ihrem PC ? Wir kommen gerne vorbei und l\u00f6sen Ihr Problem. Schnell und g\u00fcnstig. Auch am Wochenende oder zu sp\u00e4ter Stunde. Instandsetzung und Reparatur von Soft- und Hardware.<\/p>\n<ul>\n<li>PCs<\/li>\n<li>Notebooks<\/li>\n<li>Netzwerk<\/li>\n<li>NAS und Netzwerk<\/li>\n<\/ul>\n<h3><strong>Smart-Home Systeme<\/strong><\/h3>\n<p>Smart-Home Systeme einbauen incl. Mini Smart-Home Server.<\/p>\n<ul>\n<li>Alle Hersteller zusammen Benutzen<\/li>\n<li>Alles in ein System.<\/li>\n<li>Smart Clouds nicht mehr zwingend erforderlich.<\/li>\n<li>Tolle Visualisierung f\u00fcr PC Tablet und Smartphone.<\/li>\n<\/ul>\n<h3><strong>Homepages und Webanwendungen<\/strong><\/h3>\n<p>Wir erstellen Ihnen eine Homepage oder eine Webanwendung f\u00fcr Privat- und Firmenkunden.<\/p>\n<ul>\n<li>Normale Homepage<\/li>\n<li>Dynamische Webseiten mittels PHP<\/li>\n<li>Datenbankserver SQL<\/li>\n<li>Hosten von Internetseiten und Domains<\/li>\n<\/ul>\n<h3><strong>PC und Server Reinigung<\/strong><\/h3>\n<p>Wir reinigen ihren PC mit professionellen Techniken. Auch um thermischen Problemen vorzubeugen.<\/p>\n<ul>\n<li>Reinigung von PCs<\/li>\n<li>Reinigung von Notebooks#<\/li>\n<\/ul>\n<h3>\u00a0<strong>Individuelle PC Erstellung<\/strong><\/h3>\n<p>F\u00fcr zuhause oder unterwegs.<\/p>\n<ul>\n<li>Multimedia PC<\/li>\n<li>Highend PC<\/li>\n<li>Arbeitsrechner<\/li>\n<li>Wohnzimmer PC<\/li>\n<li>Notebooks<\/li>\n<li>Netbooks<\/li>\n<\/ul>\n<h3><strong>Aufr\u00fcsten Ihrer Systeme<\/strong><\/h3>\n<p>\u00c4ltere PC wieder fit machen. Viele PC m\u00fcssen nicht ausgetauscht werden. Wir erwecken Ihren alten PC zu neuem Leben.<\/p>\n<ul>\n<li>Mehr Speicher und neue CPU<\/li>\n<li>Schneller Festplatte<\/li>\n<li>Neue Grafikkarte<\/li>\n<li>CD DVD und Blue Ray<\/li>\n<\/ul>\n<h3><strong>Internet &amp; DSL<\/strong><\/h3>\n<p>Wir schlie\u00dfen Sie ans Netz. Sicher, schnell und kosteng\u00fcnstig.<\/p>\n<ul>\n<li>DSL, Kabel oder UMTS Internet<\/li>\n<li>W-LAN einrichten und absichern<\/li>\n<li>Beratung und Hilfe bei der Suche f\u00fcr Telefon, Internet und Handy<\/li>\n<li>Virenscanner, Firewall und Antispy konfigurieren.<\/li>\n<\/ul>\n<h3><strong>Netzwerktechnik<\/strong><\/h3>\n<p>Netzwerke werden immer wichtiger. Doch WLAN ist entweder zu langsam oder funktioniert nicht zuverl\u00e4ssig. Holen Sie sich Netzwerk in jedes Zimmer. Geschwindigkeit bis zu 1000 Mbit\/s. Viele Elektronikger\u00e4te haben heute einen Netzwerkanschluss. Bringen sie alles unter einen Hut.<\/p>\n<ul>\n<li>Verkabelung im Eigenheim oder Wohnung<\/li>\n<li>10\/100\/1000 Mbit\/s Geschwindigkeit.<\/li>\n<li>Gemeinsame Nutzung eines Internetanschlusses<\/li>\n<li>Zentrale Datenspeicher NAS<\/li>\n<li>Absichern des Netzwerkes gegen Angriffe aus dem Internet.<\/li>\n<\/ul>\n<h3><strong>Serversysteme<\/strong><\/h3>\n<p>Ihre zentrale Stelle f\u00fcr alle Daten. Automatische Datensicherung und Zentrale Datenhaltung und \u00dcberwachung\u00a0 aller Rechner bei Ihnen zuhause und im Beruf.<\/p>\n<ul>\n<li>Windows Server<\/li>\n<li>Kleine Windows Small Business Server<\/li>\n<li>Gross Server mit Active Directory<\/li>\n<li>Unraid Server incl. Virtualisierung<\/li>\n<\/ul>\n","protected":false},"excerpt":{"rendered":"<p>Unser Service f\u00fcr Sie PC Hilfe, Reparatur und Instandsetzung Haben Sie ein Problem mit Ihrem PC ? Wir kommen gerne vorbei und l\u00f6sen Ihr Problem. [&#8230;]<\/p>\n","protected":false},"author":1,"featured_media":0,"parent":0,"menu_order":1,"comment_status":"closed","ping_status":"open","template":"","meta":{"footnotes":""},"class_list":["post-9","page","type-page","status-publish","hentry"],"_links":{"self":[{"href":"https:\/\/baerenhaeuser.de\/index.php?rest_route=\/wp\/v2\/pages\/9","targetHints":{"allow":["GET"]}}],"collection":[{"href":"https:\/\/baerenhaeuser.de\/index.php?rest_route=\/wp\/v2\/pages"}],"about":[{"href":"https:\/\/baerenhaeuser.de\/index.php?rest_route=\/wp\/v2\/types\/page"}],"author":[{"embeddable":true,"href":"https:\/\/baerenhaeuser.de\/index.php?rest_route=\/wp\/v2\/users\/1"}],"replies":[{"embeddable":true,"href":"https:\/\/baerenhaeuser.de\/index.php?rest_route=%2Fwp%2Fv2%2Fcomments&post=9"}],"version-history":[{"count":7,"href":"https:\/\/baerenhaeuser.de\/index.php?rest_route=\/wp\/v2\/pages\/9\/revisions"}],"predecessor-version":[{"id":378,"href":"https:\/\/baerenhaeuser.de\/index.php?rest_route=\/wp\/v2\/pages\/9\/revisions\/378"}],"wp:attachment":[{"href":"https:\/\/baerenhaeuser.de\/index.php?rest_route=%2Fwp%2Fv2%2Fmedia&parent=9"}],"curies":[{"name":"wp","href":"https:\/\/api.w.org\/{rel}","templated":true}]}}