{"id":279,"date":"2019-03-07T08:29:50","date_gmt":"2019-03-07T07:29:50","guid":{"rendered":"https:\/\/baerenhaeuser.de\/?page_id=279"},"modified":"2023-03-14T08:13:18","modified_gmt":"2023-03-14T07:13:18","slug":"windows-10","status":"publish","type":"page","link":"https:\/\/baerenhaeuser.de\/?page_id=279","title":{"rendered":"Windows 10\/11"},"content":{"rendered":"\n<p>Windows 10 \/11 Update 22H2 ist aktuell<\/p>\n\n\n\n<h1 class=\"wp-block-heading\">Es ist das Windows, das Sie kennen, nur noch besser.<\/h1>\n\n\n\n<p><strong>Sie sind bereits Experte<\/strong><\/p>\n\n\n\n<p>Windows 11 wird Ihnen so vertraut vorkommen, dass Sie sich wie ein Experte f\u00fchlen. Das Startmen\u00fc ist zur\u00fcck und es ist besser geworden. Alle Ihre angehefteten Apps und Favoriten werden \u00fcbernommen und Sie k\u00f6nnen da weiter machen, wo Sie aufgeh\u00f6rt haben.<\/p>\n\n\n\n<p>Der Startvorgang ist schneller, es kommt mit mehr Sicherheit und es l\u00e4uft mit der Software und auf der Hardware, die Sie bereits im Einsatz haben.<\/p>\n\n\n\n<blockquote class=\"wp-block-quote is-layout-flow wp-block-quote-is-layout-flow\">\n<p>Die Kombination der Vorz\u00fcge von Windows 10 in Windows 11 weitergedacht.<\/p>\n<\/blockquote>\n\n\n\n<h2 class=\"wp-block-heading\">Das Internet, das funktioniert, wie Sie es m\u00f6chten.<\/h2>\n\n\n\n<p>Microsoft Edge hei\u00dft der brandneue Browser von Windows 10\/11, mit dem Sie noch besser im Web unterwegs sind. Schreiben Sie direkt auf Websites und teilen Sie Ihre Kommentare mit anderen, lesen Sie Artikel online in einem \u00fcbersichtlichem Layout und speichern Sie Ihre Favoriten, um sie sp\u00e4ter offline zu lesen. Microsoft Edge basiert auf Chromium welcher auch von Google Chrome benutzt wird. Alle Google Addons ins Kompatible.<\/p>\n\n\n\n<p><\/p>\n\n\n\n<h2 class=\"wp-block-heading\">Multi-Doing hilft Ihnen alles schneller zu erledigen.<\/h2>\n\n\n\n<p>Richten Sie bis zu vier Apps so aus, dass Sie alle im Blick haben. Sie k\u00f6nnen sogar virtuelle Desktops erstellen, wenn Sie mehr Platz ben\u00f6tigen oder Aufgaben nach Projekten gruppieren m\u00f6chten.<\/p>\n\n\n\n<blockquote class=\"wp-block-quote is-layout-flow wp-block-quote-is-layout-flow\">\n<p>Dieses Windows stellt alle anderen Windows-Versionen in den Schatten.<\/p>\n<\/blockquote>\n\n\n\n<h2 class=\"wp-block-heading\">Im Windows Store finden Sie alles, was Sie brauchen<\/h2>\n\n\n\n<p>Gehen Sie im Windows Store auf Einkaufsbummel \u2013 ganz einfach und bequem auf jedem Ger\u00e4t mit Windows 10. Durchsuchen Sie den Store auf Ihrem PC, Tablet oder Smartphone und kaufen Sie erstklassige digitale Produkte: Apps, Spiele, Musik, Filme und TV-Shows u.v.m.<\/p>\n\n\n\n<h2 class=\"wp-block-heading\">Android Apps nun auch unter Windows<\/h2>\n\n\n\n<p>Das Android Subsystem erm\u00f6glicht das laufen von Android Apps unter Windows 11 via Amazon Appstore.<\/p>\n\n\n\n<blockquote class=\"wp-block-quote is-layout-flow wp-block-quote-is-layout-flow\">\n<p>Cortana mit Erinnerungsfunktion ist FANTASTISCH!<\/p>\n<\/blockquote>\n\n\n\n<h2 class=\"wp-block-heading\">So haben Sie immer alles passend auf dem Schirm.<\/h2>\n\n\n\n<p>Windows 10 sorgt daf\u00fcr, dass Apps in jedem Modus und auf jedem Ger\u00e4t immer perfekt aussehen und funktionieren. Auf 2in1 Ger\u00e4ten passt sich der Bildschirminhalt jeweils so an, dass man per Touchfunktion oder mit Tastatur und Maus arbeiten kann.<\/p>\n\n\n\n<h2 class=\"wp-block-heading\">Standardm\u00e4\u00dfig gro\u00dfartige Apps<\/h2>\n\n\n\n<p>Windows 10\/11 enth\u00e4lt tolle vorinstallierte Apps wie Karten, Fotos, Mail und Kalender, Musik und Video. Die Apps sind mit OneDrive verbunden, um Ihre Daten zu sichern und auf allen Ihren Windows 10 Ger\u00e4ten zu synchronisieren. So haben Sie immer alles dabei, was Sie brauchen<\/p>\n","protected":false},"excerpt":{"rendered":"<p>Windows 10 \/11 Update 22H2 ist aktuell Es ist das Windows, das Sie kennen, nur noch besser. Sie sind bereits Experte Windows 11 wird Ihnen [&#8230;]<\/p>\n","protected":false},"author":1,"featured_media":0,"parent":0,"menu_order":2,"comment_status":"closed","ping_status":"closed","template":"","meta":{"footnotes":""},"class_list":["post-279","page","type-page","status-publish","hentry"],"_links":{"self":[{"href":"https:\/\/baerenhaeuser.de\/index.php?rest_route=\/wp\/v2\/pages\/279","targetHints":{"allow":["GET"]}}],"collection":[{"href":"https:\/\/baerenhaeuser.de\/index.php?rest_route=\/wp\/v2\/pages"}],"about":[{"href":"https:\/\/baerenhaeuser.de\/index.php?rest_route=\/wp\/v2\/types\/page"}],"author":[{"embeddable":true,"href":"https:\/\/baerenhaeuser.de\/index.php?rest_route=\/wp\/v2\/users\/1"}],"replies":[{"embeddable":true,"href":"https:\/\/baerenhaeuser.de\/index.php?rest_route=%2Fwp%2Fv2%2Fcomments&post=279"}],"version-history":[{"count":2,"href":"https:\/\/baerenhaeuser.de\/index.php?rest_route=\/wp\/v2\/pages\/279\/revisions"}],"predecessor-version":[{"id":380,"href":"https:\/\/baerenhaeuser.de\/index.php?rest_route=\/wp\/v2\/pages\/279\/revisions\/380"}],"wp:attachment":[{"href":"https:\/\/baerenhaeuser.de\/index.php?rest_route=%2Fwp%2Fv2%2Fmedia&parent=279"}],"curies":[{"name":"wp","href":"https:\/\/api.w.org\/{rel}","templated":true}]}}