{"id":211,"date":"2015-11-10T10:10:16","date_gmt":"2015-11-10T10:10:16","guid":{"rendered":"http:\/\/baerenhaeuser.de\/?page_id=211"},"modified":"2018-06-07T11:25:30","modified_gmt":"2018-06-07T09:25:30","slug":"datenschutz","status":"publish","type":"page","link":"https:\/\/baerenhaeuser.de\/?page_id=211","title":{"rendered":"Datenschutz"},"content":{"rendered":"<p>Datenschutzerkl\u00e4rung<\/p>\n<p>Diese Datenschutzerkl\u00e4rung erl\u00e4utert, welche personenbezogenen Daten wir w\u00e4hrend Ihres<br \/>\nBesuches unserer Website erfassen und wie diese Daten durch uns verarbeitet und genutzt werden.<\/p>\n<p>1. Die Verarbeitung der personenbezogenen Daten erfolgt durch PC &amp; Netzwerkservice B\u00e4renh\u00e4user. Unseren Datenschutzbeauftragten k\u00f6nnen Sie hier Kontaktieren: Markus B\u00e4renh\u00e4user info(at)baerenhaeuser.de.<\/p>\n<p>2. Beim Aufrufen unserer Website www.baerenhaeuser.de werden durch den auf Ihrem Endger\u00e4t<br \/>\neingesetzten Browser automatisch Informationen an den Server unserer Website gesendet<br \/>\nund dort tempor\u00e4r in einem sog. Logfile bis zur automatisierten L\u00f6schung gespeichert. Es<br \/>\nhandelt sich hierbei um folgende Daten:<br \/>\n\u2022 Ihre IP-Adresse,<br \/>\n\u2022 Datum und Uhrzeit des Zugriffs,<br \/>\n\u2022 Name und URL der abgerufenen Datei,<br \/>\n\u2022 jeweils \u00fcbertragene Datenmenge<br \/>\n\u2022 Zugriffsstatus\/http-Statuscode<br \/>\n\u2022 Website, von der aus der Zugriff erfolgt (Referrer-URL),<br \/>\n\u2022 verwendeter Browser und ggf. das Betriebssystem Ihres Rechners, sowie der Name<br \/>\nIhres Access-Providers.<br \/>\nDie genannten Daten werden durch uns zu folgenden Zwecken verarbeitet:<br \/>\n\u2022 Gew\u00e4hrleistung eines reibungslosen Verbindungsaufbaus der Website,<br \/>\n\u2022 Gew\u00e4hrleistung einer komfortablen Nutzung unserer Website,<br \/>\n\u2022 Auswertung der Systemsicherheit und -stabilit\u00e4t, sowie<br \/>\n\u2022 zu weiteren administrativen Zwecken.<br \/>\nDie Rechtsgrundlage f\u00fcr die Datenverarbeitung ist Art. 6 Abs. 1 S. 1 lit. f DSGVO. Unser<br \/>\nberechtigtes Interesse folgt aus oben aufgelisteten Zwecken zur Datenerhebung. In keinem<br \/>\nFall verwenden wir die erhobenen Daten zu dem Zweck, R\u00fcckschl\u00fcsse auf Ihre Person zu<br \/>\nziehen.<br \/>\nDar\u00fcber hinaus setzen wir beim Besuch unserer Website Cookies ein. Bei Cookies handelt es<br \/>\nsich um kleine Textdateien, die auf Ihrer Festplatte dem von Ihnen verwendeten Browser<br \/>\nzugeordnet gespeichert werden und durch welche uns bestimmte Informationen im<br \/>\nZusammenhang mit dem spezifisch eingesetzten Endger\u00e4t zuflie\u00dfen. Dies bedeutet jedoch<br \/>\nnicht, dass wir dadurch unmittelbar Kenntnis von Ihrer Identit\u00e4t erhalten. Cookies richten auf<br \/>\nIhrem Endger\u00e4t keinen Schaden an, sie k\u00f6nnen keine Programme ausf\u00fchren oder Viren auf<br \/>\nIhren Computer \u00fcbertragen.<br \/>\nDer Einsatz von Cookies dient einerseits dazu, die Nutzung unseres Angebots f\u00fcr Sie<br \/>\nangenehmer zu gestalten. So setzen wir sogenannte Session-Cookies ein, um zu erkennen,<br \/>\ndass Sie einzelne Seiten unserer Website bereits besucht haben. Diese werden automatisch<br \/>\ngel\u00f6scht, wenn Sie sich ausloggen oder den Browser schlie\u00dfen.<br \/>\nDar\u00fcber hinaus setzen wir ebenfalls zur Optimierung der Benutzerfreundlichkeit tempor\u00e4re<br \/>\nCookies ein, die f\u00fcr einen bestimmten festgelegten Zeitraum auf Ihrem Endger\u00e4t gespeichert<br \/>\nwerden. Besuchen Sie unsere Seite erneut, um unsere Dienste in Anspruch zu nehmen, wird<br \/>\nautomatisch erkannt, dass Sie bereits bei uns waren und welche Eingaben und Einstellungen<br \/>\nsie get\u00e4tigt haben, um diese nicht noch einmal eingeben zu m\u00fcssen. Sie k\u00f6nnen diese<br \/>\nCookies jederzeit in den Sicherheitseinstellungen Ihres Browsers l\u00f6schen.<br \/>\nDie durch Cookies verarbeiteten Daten sind f\u00fcr die genannten Zwecke zur Wahrung unserer<br \/>\nberechtigten Interessen sowie der Dritter nach Art. 6 Abs. 1 S. 1 lit. f DSGVO erforderlich.<br \/>\nDie meisten Browser akzeptieren Cookies automatisch. Sie k\u00f6nnen Ihren Browser jedoch so<br \/>\nkonfigurieren, dass keine Cookies auf Ihrem Computer gespeichert werden oder stets ein<br \/>\nHinweis erscheint, bevor ein neuer Cookie angelegt wird. Die vollst\u00e4ndige Deaktivierung von<br \/>\nCookies kann jedoch dazu f\u00fchren, dass Sie nicht alle Funktionen unserer Website nutzen<br \/>\nk\u00f6nnen.<\/p>\n<p>3. Sie haben das Recht:<br \/>\n\u2022 gem\u00e4\u00df Art. 15 DSGVO Auskunft \u00fcber Ihre von uns verarbeiteten personenbezogenen<br \/>\nDaten zu verlangen;<br \/>\n\u2022 gem\u00e4\u00df Art. 16 DSGVO unverz\u00fcglich die Berichtigung unrichtiger oder<br \/>\nVervollst\u00e4ndigung Ihrer bei uns gespeicherten personenbezogenen Daten zu<br \/>\nverlangen;<br \/>\n\u2022 gem\u00e4\u00df Art. 17 DSGVO die L\u00f6schung Ihrer bei uns gespeicherten personenbezogenen<br \/>\nDaten zu verlangen, soweit nicht die Verarbeitung zur Aus\u00fcbung des Rechts auf freie<br \/>\nMeinungs\u00e4u\u00dferung und Information, zur Erf\u00fcllung einer rechtlichen Verpflichtung,<br \/>\naus Gr\u00fcnden des \u00f6ffentlichen Interesses oder zur Geltendmachung, Aus\u00fcbung oder<br \/>\nVerteidigung von Rechtsanspr\u00fcchen erforderlich ist;<br \/>\n\u2022 gem\u00e4\u00df Art. 18 DSGVO die Einschr\u00e4nkung der Verarbeitung Ihrer personenbezogenen<br \/>\nDaten zu verlangen, soweit<br \/>\ni. die Richtigkeit der Daten von Ihnen bestritten wird,<br \/>\nii. die Verarbeitung unrechtm\u00e4\u00dfig ist, Sie aber deren L\u00f6schung ablehnen und<br \/>\nwir die Daten nicht mehr ben\u00f6tigen, Sie jedoch diese zur Geltendmachung,<br \/>\nAus\u00fcbung oder Verteidigung von Rechtsanspr\u00fcchen ben\u00f6tigen oder<br \/>\niii. Sie gem\u00e4\u00df Art. 21 DSGVO Widerspruch gegen die Verarbeitung eingelegt<br \/>\nhaben;<br \/>\n\u2022 gem\u00e4\u00df Art. 20 DSGVO Ihre personenbezogenen Daten, die Sie uns bereitgestellt<br \/>\nhaben, in einem strukturierten, g\u00e4ngigen und maschinenlesebaren Format zu<br \/>\nerhalten oder die \u00dcbermittlung an einen anderen Verantwortlichen zu verlangen;<br \/>\n\u2022 gem\u00e4\u00df Art. 7 Abs. 3 DSGVO Ihre einmal erteilte Einwilligung jederzeit gegen\u00fcber uns<br \/>\nzu widerrufen. Dies hat zur Folge, dass wir die Verarbeitung, soweit sie auf dieser<br \/>\nEinwilligung beruhte, f\u00fcr die Zukunft nicht mehr fortf\u00fchren d\u00fcrfen;<br \/>\n\u2022 gem\u00e4\u00df Art. 77 DSGVO sich bei einer Aufsichtsbeh\u00f6rde zu beschweren. In der Regel<br \/>\nk\u00f6nnen Sie sich hierf\u00fcr an die Aufsichtsbeh\u00f6rde Ihres \u00fcblichen Aufenthaltsortes oder<br \/>\nArbeitsplatzes oder unseres Sitzes wenden;<br \/>\n\u2022 gem\u00e4\u00df Art. 21 DSGVO Widerspruch gegen die Verarbeitung Ihrer<br \/>\npersonenbezogenen Daten einzulegen, sofern Ihre personenbezogenen Daten auf<br \/>\nGrundlage von berechtigten Interessen gem\u00e4\u00df Art. 6 Abs. 1 S. 1 lit. f DSGVO<br \/>\nverarbeitet werden und sich der Widerspruch gegen Direktwerbung richtet oder<br \/>\nGr\u00fcnde f\u00fcr den Widerspruch vorliegen, die sich aus Ihrer besonderen Situation<br \/>\nergeben oder.<br \/>\nM\u00f6chten Sie von Ihrem Widerrufs- oder Widerspruchsrecht Gebrauch machen, gen\u00fcgt<br \/>\neine E-Mail an info(at)baerenhaeuser.de.<\/p>\n<p>4. Wir bedienen uns im \u00dcbrigen geeigneter technischer und organisatorischer<br \/>\nSicherheitsma\u00dfnahmen, um Ihre Daten gegen zuf\u00e4llige oder vors\u00e4tzliche Manipulationen,<br \/>\nteilweisen oder vollst\u00e4ndigen Verlust, Zerst\u00f6rung oder gegen den unbefugten Zugriff Dritter<br \/>\nzu sch\u00fctzen. Unsere Sicherheitsma\u00dfnahmen werden entsprechend der technologischen<br \/>\nEntwicklung fortlaufend verbessert.<\/p>\n<p>5. Diese Datenschutzerkl\u00e4rung ist aktuell g\u00fcltig und hat den Stand Mai 2018.<br \/>\nDurch die Weiterentwicklung unserer Website und Angebote dar\u00fcber oder aufgrund<br \/>\nge\u00e4nderter gesetzlicher bzw. beh\u00f6rdlicher Vorgaben kann es notwendig werden, diese<br \/>\nDatenschutzerkl\u00e4rung zu \u00e4ndern. Die jeweils aktuelle Datenschutzerkl\u00e4rung kann jederzeit<br \/>\nauf dieser Seite von Ihnen abgerufen und ausgedruckt werden.<\/p>\n","protected":false},"excerpt":{"rendered":"<p>Datenschutzerkl\u00e4rung Diese Datenschutzerkl\u00e4rung erl\u00e4utert, welche personenbezogenen Daten wir w\u00e4hrend Ihres Besuches unserer Website erfassen und wie diese Daten durch uns verarbeitet und genutzt werden. 1. [&#8230;]<\/p>\n","protected":false},"author":1,"featured_media":0,"parent":0,"menu_order":99,"comment_status":"closed","ping_status":"closed","template":"","meta":{"footnotes":""},"class_list":["post-211","page","type-page","status-publish","hentry"],"_links":{"self":[{"href":"https:\/\/baerenhaeuser.de\/index.php?rest_route=\/wp\/v2\/pages\/211","targetHints":{"allow":["GET"]}}],"collection":[{"href":"https:\/\/baerenhaeuser.de\/index.php?rest_route=\/wp\/v2\/pages"}],"about":[{"href":"https:\/\/baerenhaeuser.de\/index.php?rest_route=\/wp\/v2\/types\/page"}],"author":[{"embeddable":true,"href":"https:\/\/baerenhaeuser.de\/index.php?rest_route=\/wp\/v2\/users\/1"}],"replies":[{"embeddable":true,"href":"https:\/\/baerenhaeuser.de\/index.php?rest_route=%2Fwp%2Fv2%2Fcomments&post=211"}],"version-history":[{"count":4,"href":"https:\/\/baerenhaeuser.de\/index.php?rest_route=\/wp\/v2\/pages\/211\/revisions"}],"predecessor-version":[{"id":259,"href":"https:\/\/baerenhaeuser.de\/index.php?rest_route=\/wp\/v2\/pages\/211\/revisions\/259"}],"wp:attachment":[{"href":"https:\/\/baerenhaeuser.de\/index.php?rest_route=%2Fwp%2Fv2%2Fmedia&parent=211"}],"curies":[{"name":"wp","href":"https:\/\/api.w.org\/{rel}","templated":true}]}}