{"id":13,"date":"2015-02-18T21:36:41","date_gmt":"2015-02-18T20:36:41","guid":{"rendered":"http:\/\/netzwerkclub.de\/wordpress\/?page_id=13"},"modified":"2025-03-07T07:12:24","modified_gmt":"2025-03-07T06:12:24","slug":"preise","status":"publish","type":"page","link":"https:\/\/baerenhaeuser.de\/?page_id=13","title":{"rendered":"Preise"},"content":{"rendered":"<h2>Preisliste<\/h2>\n<table>\n<tbody>\n<tr>\n<td>Leistung<\/td>\n<td>\u20ac pro Einheit<\/td>\n<td>Zeit<\/td>\n<\/tr>\n<tr>\n<td>PC Service vor Ort<\/td>\n<td>59\u20ac \/pro Stunde<\/td>\n<td>8:00 bis 20:00<\/td>\n<\/tr>\n<tr>\n<td>Netzwerkverkabelung<\/td>\n<td>53\u20ac \/pro Stunde<\/td>\n<td>8:00 bis 20:00<\/td>\n<\/tr>\n<tr>\n<td>PC \/ Installationsservice bei uns<\/td>\n<td>49\u20ac \/pro Stunde<\/td>\n<td>egal<\/td>\n<\/tr>\n<tr>\n<td>Service Anfahrt<\/td>\n<td>35\u20ac<\/td>\n<td>&#8212;-<\/td>\n<\/tr>\n<tr>\n<td>Preise sind Privatkundenpreise incl. MwSt.<\/td>\n<td><\/td>\n<td><\/td>\n<\/tr>\n<tr>\n<td colspan=\"3\">Preise f\u00fcr Gesch\u00e4ftskunden, Server Systeme, NAS Server, Netzwerkverkabelung, Webpages und Webanwendungen gibt es nur auf Anfrage. Wir unterbreiten Ihnen gerne ein unverbindliches Angebot. Bei Projekten machen wir ihnen auch einen Festpreis. Preis incl. MwSt. und Kostenlose Anfahrt innerhalb K\u00f6ln West bei Dienstleistungen ab 1 Stunde. (Widdersdorf, L\u00f6venich, Weiden, Bocklem\u00fcnd und Brauweiler)<\/td>\n<\/tr>\n<\/tbody>\n<\/table>\n<p>Stand: Januar 2025 und ist g\u00fcltig bis 31.12.2025<\/p>\n","protected":false},"excerpt":{"rendered":"<p>Preisliste Leistung \u20ac pro Einheit Zeit PC Service vor Ort 59\u20ac \/pro Stunde 8:00 bis 20:00 Netzwerkverkabelung 53\u20ac \/pro Stunde 8:00 bis 20:00 PC \/ [&#8230;]<\/p>\n","protected":false},"author":1,"featured_media":0,"parent":0,"menu_order":80,"comment_status":"closed","ping_status":"open","template":"","meta":{"footnotes":""},"class_list":["post-13","page","type-page","status-publish","hentry"],"_links":{"self":[{"href":"https:\/\/baerenhaeuser.de\/index.php?rest_route=\/wp\/v2\/pages\/13","targetHints":{"allow":["GET"]}}],"collection":[{"href":"https:\/\/baerenhaeuser.de\/index.php?rest_route=\/wp\/v2\/pages"}],"about":[{"href":"https:\/\/baerenhaeuser.de\/index.php?rest_route=\/wp\/v2\/types\/page"}],"author":[{"embeddable":true,"href":"https:\/\/baerenhaeuser.de\/index.php?rest_route=\/wp\/v2\/users\/1"}],"replies":[{"embeddable":true,"href":"https:\/\/baerenhaeuser.de\/index.php?rest_route=%2Fwp%2Fv2%2Fcomments&post=13"}],"version-history":[{"count":8,"href":"https:\/\/baerenhaeuser.de\/index.php?rest_route=\/wp\/v2\/pages\/13\/revisions"}],"predecessor-version":[{"id":402,"href":"https:\/\/baerenhaeuser.de\/index.php?rest_route=\/wp\/v2\/pages\/13\/revisions\/402"}],"wp:attachment":[{"href":"https:\/\/baerenhaeuser.de\/index.php?rest_route=%2Fwp%2Fv2%2Fmedia&parent=13"}],"curies":[{"name":"wp","href":"https:\/\/api.w.org\/{rel}","templated":true}]}}